{"id":10405,"date":"2022-01-19T12:53:19","date_gmt":"2022-01-19T11:53:19","guid":{"rendered":"https:\/\/new.tiketi.com\/cheap-flights-air-taxi-from-jundiai-to-sao-paulo-centro\/"},"modified":"2022-02-04T12:02:42","modified_gmt":"2022-02-04T11:02:42","slug":"air-taxi-from-sao-paulo-to-jundia","status":"publish","type":"page","link":"https:\/\/tiketi.com\/sw\/air-taxi-from-sao-paulo-to-jundia\/","title":{"rendered":"Air Taxi from Jundia\u00ed to Sao Paulo Centro Online booking"},"content":{"rendered":"<h2>Looking for cheap flights from Sao Paulo to Jundia\u00ed?<\/h2>\n<h3>Search, compare and book cheap flight tickets from Sao Paulo to Jundia\u00ed online now.<\/h3>\nElectric air taxi from Jundia\u00ed to Sao Paulo&nbsp;online booking will be possible soon. The Tiketi.com app helps you search, compare and book cheap flights from Sao Paulo to Jundia\u00ed online.&nbsp;Sao Paulo is the richest and most famous state in Brazil and its capital city, bearing the same name, is the biggest city in all of South America. As such, Sao Paulo is one of the country&#8217;s and, indeed, the continent&#8217;s most important areas. Actually, it contributes over a third of Brazil GPS (Gross Domestic product). So find and compare flight tickets from&nbsp;Sao Paulo to Jundia\u00ed&nbsp;and book great offers on cheap air taxis from Sao Paulo to Jundia\u00ed online now.\n\n<!-- \/wp:post-content --><!-- wp:paragraph -->\n\nPia ni moja ya maeneo kumi ya juu ya miji mikuu kwenye sayari. Sao Paulo ni jiji la kimataifa lenye ushawishi mkubwa katika burudani, sanaa, biashara na fedha, na jiji hilo huandaa gwaride kubwa zaidi la fahari ya mashoga katika sayari. Ikijulikana kwa kawaida kama Cidade da Garoa au Sampa, manispaa hiyo ilikuwa na wakazi wa 2011 milioni 11.32.\n\n<!-- \/wp:paragraph --><!-- wp:paragraph -->\n\nSao Paulo ni mojawapo ya miji tajiri zaidi katika ulimwengu wa kusini, ingawa ukosefu wa usawa kati ya madarasa ya kawaida katika Sao Paulo ni ya makusudi. Kihistoria inashangaza kwa wahamiaji na vile vile Wabrazil kutoka majimbo mengine, ni moja wapo ya miji tofauti kwenye sayari.\n<h2>Affordable air taxi from Jundia\u00ed to Sao Paulo&nbsp;online booking FAQs<\/h2>\n<h3>How far is Jundia\u00ed to Sao Paulo?<\/h3>\nThe distance of drone taxi from Jundia\u00ed to Sao Paulo flight is 7 miles \/ 11 km.\n<h3>What are eVLTO electric flying taxis from Jundia\u00ed to Sao Paulo?<\/h3>\n<!--{cke_protected}{C}%3C!%2D%2D%20%2Fwp%3Aheading%20%2D%2D%3E--><!--{cke_protected}{C}%3C!%2D%2D%20wp%3Aparagraph%20%2D%2D%3E-->The electric flying taxis from Jundia\u00ed to Sao Paulo aircraft, called as an eVTOL (electrical vertical take-off and landing), are designed to transport people via urban and cities atmosphere.\n<h3>Electric air taxis from Jundia\u00ed to Sao Paulo are high-speed public transport<\/h3>\n<!--{cke_protected}{C}%3C!%2D%2D%20%2Fwp%3Aheading%20%2D%2D%3E--><!--{cke_protected}{C}%3C!%2D%2D%20wp%3Aparagraph%20%2D%2D%3E-->The best benefit of drone air taxis from Jundia\u00ed to Sao Paulo is its high speed. It is the quickest mode of transport and thus it is the most perfect mean where time is a vital factor.\n<h3>Drone flying taxi from Jundia\u00ed to Sao Paulo has very low carbon emissions<\/h3>\nDrone taxi from Jundia\u00ed to Sao Paulo producers use electricity to power their vehicles. Hence, drone taxis will not emit greenhouses gases. Hence, these taxis can support in decreasing the impact of climate change. So book your taxi with the help of drone taxi from Jundia\u00ed to Sao Paulo now.\n<h2>Cheap flights from Sao Paulo to Jundia\u00ed&nbsp;tips<\/h2>\nDrone cheap flights from Sao Paulo to Jundia\u00ed offer the most nonstop flights between Sao Paulo and Jundia\u00ed.","protected":false},"excerpt":{"rendered":"<p>Looking for cheap flights from Sao Paulo to Jundia\u00ed? Search, compare and book cheap flight tickets from Sao Paulo to Jundia\u00ed online now. Electric air taxi from Jundia\u00ed to Sao Paulo&nbsp;online booking will be possible soon. The Tiketi.com app helps you search, compare and book cheap flights from Sao Paulo to Jundia\u00ed online.&nbsp;Sao Paulo is [&hellip;]<\/p>\n","protected":false},"author":1,"featured_media":16626,"parent":0,"menu_order":0,"comment_status":"open","ping_status":"closed","template":"template-home-modern.php","meta":{"footnotes":""},"class_list":["post-10405","page","type-page","status-publish","has-post-thumbnail","hentry"],"yoast_head":"<!-- This site is optimized with the Yoast SEO plugin v27.3 - https:\/\/yoast.com\/product\/yoast-seo-wordpress\/ -->\n<title>Air Taxi from Jundia\u00ed to Sao Paulo Centro Online booking - Cheap Flights<\/title>\n<meta name=\"description\" content=\"Looking for cheap air taxi from Jundia\u00ed to Sao Paulo online booking? Compare and book cheap flights from Sao Paulo to Jundia\u00ed\" \/>\n<meta name=\"robots\" content=\"index, follow, max-snippet:-1, max-image-preview:large, max-video-preview:-1\" \/>\n<link rel=\"canonical\" href=\"https:\/\/tiketi.com\/sw\/air-taxi-from-sao-paulo-to-jundia\/\" \/>\n<meta property=\"og:locale\" content=\"en_US\" \/>\n<meta property=\"og:type\" content=\"article\" \/>\n<meta property=\"og:title\" content=\"Air Taxi from Jundia\u00ed to Sao Paulo Centro Online booking - Cheap Flights\" \/>\n<meta property=\"og:description\" content=\"Looking for cheap air taxi from Jundia\u00ed to Sao Paulo online booking? Compare and book cheap flights from Sao Paulo to Jundia\u00ed\" \/>\n<meta property=\"og:url\" content=\"https:\/\/tiketi.com\/sw\/air-taxi-from-sao-paulo-to-jundia\/\" \/>\n<meta property=\"og:site_name\" content=\"Tiketi.com\" \/>\n<meta property=\"article:publisher\" content=\"https:\/\/www.facebook.com\/TiketiCom\/\" \/>\n<meta property=\"article:modified_time\" content=\"2022-02-04T11:02:42+00:00\" \/>\n<meta property=\"og:image\" content=\"https:\/\/tiketi.com\/wp-content\/uploads\/2022\/02\/sao-paulo-4428426_1280.jpg\" \/>\n\t<meta property=\"og:image:width\" content=\"1200\" \/>\n\t<meta property=\"og:image:height\" content=\"204\" \/>\n\t<meta property=\"og:image:type\" content=\"image\/jpeg\" \/>\n<meta name=\"twitter:card\" content=\"summary_large_image\" \/>\n<meta name=\"twitter:label1\" content=\"Est. reading time\" \/>\n\t<meta name=\"twitter:data1\" content=\"dakika 2\" \/>\n<script type=\"application\/ld+json\" class=\"yoast-schema-graph\">{\"@context\":\"https:\\\/\\\/schema.org\",\"@graph\":[{\"@type\":\"WebPage\",\"@id\":\"https:\\\/\\\/tiketi.com\\\/air-taxi-from-sao-paulo-to-jundia\\\/\",\"url\":\"https:\\\/\\\/tiketi.com\\\/air-taxi-from-sao-paulo-to-jundia\\\/\",\"name\":\"Air Taxi from Jundia\u00ed to Sao Paulo Centro Online booking - Cheap Flights\",\"isPartOf\":{\"@id\":\"https:\\\/\\\/tiketi.com\\\/#website\"},\"primaryImageOfPage\":{\"@id\":\"https:\\\/\\\/tiketi.com\\\/air-taxi-from-sao-paulo-to-jundia\\\/#primaryimage\"},\"image\":{\"@id\":\"https:\\\/\\\/tiketi.com\\\/air-taxi-from-sao-paulo-to-jundia\\\/#primaryimage\"},\"thumbnailUrl\":\"https:\\\/\\\/tiketi.com\\\/wp-content\\\/uploads\\\/2022\\\/02\\\/sao-paulo-4428426_1280.jpg\",\"datePublished\":\"2022-01-19T11:53:19+00:00\",\"dateModified\":\"2022-02-04T11:02:42+00:00\",\"description\":\"Looking for cheap air taxi from Jundia\u00ed to Sao Paulo online booking? Compare and book cheap flights from Sao Paulo to Jundia\u00ed\",\"breadcrumb\":{\"@id\":\"https:\\\/\\\/tiketi.com\\\/air-taxi-from-sao-paulo-to-jundia\\\/#breadcrumb\"},\"inLanguage\":\"sw\",\"potentialAction\":[{\"@type\":\"ReadAction\",\"target\":[\"https:\\\/\\\/tiketi.com\\\/air-taxi-from-sao-paulo-to-jundia\\\/\"]}]},{\"@type\":\"ImageObject\",\"inLanguage\":\"sw\",\"@id\":\"https:\\\/\\\/tiketi.com\\\/air-taxi-from-sao-paulo-to-jundia\\\/#primaryimage\",\"url\":\"https:\\\/\\\/tiketi.com\\\/wp-content\\\/uploads\\\/2022\\\/02\\\/sao-paulo-4428426_1280.jpg\",\"contentUrl\":\"https:\\\/\\\/tiketi.com\\\/wp-content\\\/uploads\\\/2022\\\/02\\\/sao-paulo-4428426_1280.jpg\",\"width\":1200,\"height\":204,\"caption\":\"Air Taxi in Sao Paulo Centro\"},{\"@type\":\"BreadcrumbList\",\"@id\":\"https:\\\/\\\/tiketi.com\\\/air-taxi-from-sao-paulo-to-jundia\\\/#breadcrumb\",\"itemListElement\":[{\"@type\":\"ListItem\",\"position\":1,\"name\":\"Home\",\"item\":\"https:\\\/\\\/tiketi.com\\\/\"},{\"@type\":\"ListItem\",\"position\":2,\"name\":\"Air Taxi from Jundia\u00ed to Sao Paulo Centro Online booking\"}]},{\"@type\":\"WebSite\",\"@id\":\"https:\\\/\\\/tiketi.com\\\/#website\",\"url\":\"https:\\\/\\\/tiketi.com\\\/\",\"name\":\"Flight & Bus Tickets, Tour Packages & Activitites - Tiketi.com\",\"description\":\"Flight &amp; Bus Tickets, Tours, Activitites\",\"publisher\":{\"@id\":\"https:\\\/\\\/tiketi.com\\\/#organization\"},\"potentialAction\":[{\"@type\":\"SearchAction\",\"target\":{\"@type\":\"EntryPoint\",\"urlTemplate\":\"https:\\\/\\\/tiketi.com\\\/?s={search_term_string}\"},\"query-input\":{\"@type\":\"PropertyValueSpecification\",\"valueRequired\":true,\"valueName\":\"search_term_string\"}}],\"inLanguage\":\"sw\"},{\"@type\":\"Organization\",\"@id\":\"https:\\\/\\\/tiketi.com\\\/#organization\",\"name\":\"Tiketi.com\",\"alternateName\":\"Tiketi\",\"url\":\"https:\\\/\\\/tiketi.com\\\/\",\"logo\":{\"@type\":\"ImageObject\",\"inLanguage\":\"sw\",\"@id\":\"https:\\\/\\\/tiketi.com\\\/#\\\/schema\\\/logo\\\/image\\\/\",\"url\":\"https:\\\/\\\/tiketi.com\\\/wp-content\\\/uploads\\\/2019\\\/05\\\/tiketi-logo-696.png\",\"contentUrl\":\"https:\\\/\\\/tiketi.com\\\/wp-content\\\/uploads\\\/2019\\\/05\\\/tiketi-logo-696.png\",\"width\":696,\"height\":696,\"caption\":\"Tiketi.com\"},\"image\":{\"@id\":\"https:\\\/\\\/tiketi.com\\\/#\\\/schema\\\/logo\\\/image\\\/\"},\"sameAs\":[\"https:\\\/\\\/www.facebook.com\\\/TiketiCom\\\/\"]}]}<\/script>\n<!-- \/ Yoast SEO plugin. -->","yoast_head_json":{"title":"Air Taxi from Jundia\u00ed to Sao Paulo Centro Online booking - Cheap Flights","description":"Looking for cheap air taxi from Jundia\u00ed to Sao Paulo online booking? Compare and book cheap flights from Sao Paulo to Jundia\u00ed","robots":{"index":"index","follow":"follow","max-snippet":"max-snippet:-1","max-image-preview":"max-image-preview:large","max-video-preview":"max-video-preview:-1"},"canonical":"https:\/\/tiketi.com\/sw\/air-taxi-from-sao-paulo-to-jundia\/","og_locale":"en_US","og_type":"article","og_title":"Air Taxi from Jundia\u00ed to Sao Paulo Centro Online booking - Cheap Flights","og_description":"Looking for cheap air taxi from Jundia\u00ed to Sao Paulo online booking? Compare and book cheap flights from Sao Paulo to Jundia\u00ed","og_url":"https:\/\/tiketi.com\/sw\/air-taxi-from-sao-paulo-to-jundia\/","og_site_name":"Tiketi.com","article_publisher":"https:\/\/www.facebook.com\/TiketiCom\/","article_modified_time":"2022-02-04T11:02:42+00:00","og_image":[{"width":1200,"height":204,"url":"https:\/\/tiketi.com\/wp-content\/uploads\/2022\/02\/sao-paulo-4428426_1280.jpg","type":"image\/jpeg"}],"twitter_card":"summary_large_image","twitter_misc":{"Est. reading time":"dakika 2"},"schema":{"@context":"https:\/\/schema.org","@graph":[{"@type":"WebPage","@id":"https:\/\/tiketi.com\/air-taxi-from-sao-paulo-to-jundia\/","url":"https:\/\/tiketi.com\/air-taxi-from-sao-paulo-to-jundia\/","name":"Air Taxi from Jundia\u00ed to Sao Paulo Centro Online booking - Cheap Flights","isPartOf":{"@id":"https:\/\/tiketi.com\/#website"},"primaryImageOfPage":{"@id":"https:\/\/tiketi.com\/air-taxi-from-sao-paulo-to-jundia\/#primaryimage"},"image":{"@id":"https:\/\/tiketi.com\/air-taxi-from-sao-paulo-to-jundia\/#primaryimage"},"thumbnailUrl":"https:\/\/tiketi.com\/wp-content\/uploads\/2022\/02\/sao-paulo-4428426_1280.jpg","datePublished":"2022-01-19T11:53:19+00:00","dateModified":"2022-02-04T11:02:42+00:00","description":"Looking for cheap air taxi from Jundia\u00ed to Sao Paulo online booking? Compare and book cheap flights from Sao Paulo to Jundia\u00ed","breadcrumb":{"@id":"https:\/\/tiketi.com\/air-taxi-from-sao-paulo-to-jundia\/#breadcrumb"},"inLanguage":"sw","potentialAction":[{"@type":"ReadAction","target":["https:\/\/tiketi.com\/air-taxi-from-sao-paulo-to-jundia\/"]}]},{"@type":"ImageObject","inLanguage":"sw","@id":"https:\/\/tiketi.com\/air-taxi-from-sao-paulo-to-jundia\/#primaryimage","url":"https:\/\/tiketi.com\/wp-content\/uploads\/2022\/02\/sao-paulo-4428426_1280.jpg","contentUrl":"https:\/\/tiketi.com\/wp-content\/uploads\/2022\/02\/sao-paulo-4428426_1280.jpg","width":1200,"height":204,"caption":"Air Taxi in Sao Paulo Centro"},{"@type":"BreadcrumbList","@id":"https:\/\/tiketi.com\/air-taxi-from-sao-paulo-to-jundia\/#breadcrumb","itemListElement":[{"@type":"ListItem","position":1,"name":"Home","item":"https:\/\/tiketi.com\/"},{"@type":"ListItem","position":2,"name":"Air Taxi from Jundia\u00ed to Sao Paulo Centro Online booking"}]},{"@type":"WebSite","@id":"https:\/\/tiketi.com\/#website","url":"https:\/\/tiketi.com\/","name":"Tiketi za Ndege, Mabasi na Vivutio, Vifurushi vya Ziara I Tiketi.com","description":"Tikiti za Ndege na Basi, Ziara, Shughuli","publisher":{"@id":"https:\/\/tiketi.com\/#organization"},"potentialAction":[{"@type":"SearchAction","target":{"@type":"EntryPoint","urlTemplate":"https:\/\/tiketi.com\/?s={search_term_string}"},"query-input":{"@type":"PropertyValueSpecification","valueRequired":true,"valueName":"search_term_string"}}],"inLanguage":"sw"},{"@type":"Organization","@id":"https:\/\/tiketi.com\/#organization","name":"Tiketi.com","alternateName":"Tiketi","url":"https:\/\/tiketi.com\/","logo":{"@type":"ImageObject","inLanguage":"sw","@id":"https:\/\/tiketi.com\/#\/schema\/logo\/image\/","url":"https:\/\/tiketi.com\/wp-content\/uploads\/2019\/05\/tiketi-logo-696.png","contentUrl":"https:\/\/tiketi.com\/wp-content\/uploads\/2019\/05\/tiketi-logo-696.png","width":696,"height":696,"caption":"Tiketi.com"},"image":{"@id":"https:\/\/tiketi.com\/#\/schema\/logo\/image\/"},"sameAs":["https:\/\/www.facebook.com\/TiketiCom\/"]}]}},"_links":{"self":[{"href":"https:\/\/tiketi.com\/sw\/wp-json\/wp\/v2\/pages\/10405","targetHints":{"allow":["GET"]}}],"collection":[{"href":"https:\/\/tiketi.com\/sw\/wp-json\/wp\/v2\/pages"}],"about":[{"href":"https:\/\/tiketi.com\/sw\/wp-json\/wp\/v2\/types\/page"}],"author":[{"embeddable":true,"href":"https:\/\/tiketi.com\/sw\/wp-json\/wp\/v2\/users\/1"}],"replies":[{"embeddable":true,"href":"https:\/\/tiketi.com\/sw\/wp-json\/wp\/v2\/comments?post=10405"}],"version-history":[{"count":0,"href":"https:\/\/tiketi.com\/sw\/wp-json\/wp\/v2\/pages\/10405\/revisions"}],"wp:featuredmedia":[{"embeddable":true,"href":"https:\/\/tiketi.com\/sw\/wp-json\/wp\/v2\/media\/16626"}],"wp:attachment":[{"href":"https:\/\/tiketi.com\/sw\/wp-json\/wp\/v2\/media?parent=10405"}],"curies":[{"name":"wp","href":"https:\/\/api.w.org\/{rel}","templated":true}]}}